{"id":243,"date":"2025-06-12T13:00:55","date_gmt":"2025-06-12T11:00:55","guid":{"rendered":"https:\/\/bieltauler.es\/index.php\/go-gabinet\/"},"modified":"2025-06-30T12:32:57","modified_gmt":"2025-06-30T10:32:57","slug":"go-gabinet","status":"publish","type":"page","link":"https:\/\/pepmariallado.es\/ca\/go-gabinet\/","title":{"rendered":"Go \u2013 Gabinet"},"content":{"rendered":"\t\t<div data-elementor-type=\"wp-page\" data-elementor-id=\"243\" class=\"elementor elementor-243 elementor-108\">\n\t\t\t\t<div class=\"elementor-element elementor-element-7e5c033 e-con-full e-flex e-con e-parent\" data-id=\"7e5c033\" data-element_type=\"container\" data-e-type=\"container\" data-settings=\"{&quot;background_background&quot;:&quot;classic&quot;}\">\n\t\t<div class=\"elementor-element elementor-element-11ef198 e-con-full e-flex e-con e-child\" data-id=\"11ef198\" data-element_type=\"container\" data-e-type=\"container\">\n\t\t<div class=\"elementor-element elementor-element-472817e5 e-flex e-con-boxed e-con e-child\" data-id=\"472817e5\" data-element_type=\"container\" data-e-type=\"container\">\n\t\t\t\t\t<div class=\"e-con-inner\">\n\t\t<div class=\"elementor-element elementor-element-231432cc e-con-full e-flex e-con e-child\" data-id=\"231432cc\" data-element_type=\"container\" data-e-type=\"container\">\n\t\t\t\t<div class=\"elementor-element elementor-element-5ae54fb7 elementor-widget elementor-widget-heading\" data-id=\"5ae54fb7\" data-element_type=\"widget\" data-e-type=\"widget\" data-widget_type=\"heading.default\">\n\t\t\t\t<div class=\"elementor-widget-container\">\n\t\t\t\t\t<h1 class=\"elementor-heading-title elementor-size-default\">Go - Gabinet: Assessoria Integral amb Comprom\u00eds Personalitzat<\/h1>\t\t\t\t<\/div>\n\t\t\t\t<\/div>\n\t\t\t\t<div class=\"elementor-element elementor-element-7b0ddec1 elementor-widget elementor-widget-heading\" data-id=\"7b0ddec1\" data-element_type=\"widget\" data-e-type=\"widget\" data-widget_type=\"heading.default\">\n\t\t\t\t<div class=\"elementor-widget-container\">\n\t\t\t\t\t<h2 class=\"elementor-heading-title elementor-size-default\">Solucions laborals amb rigor, proximitat i visi\u00f3 estrat\u00e8gica.<\/h2>\t\t\t\t<\/div>\n\t\t\t\t<\/div>\n\t\t\t\t<div class=\"elementor-element elementor-element-3d2383e7 elementor-widget elementor-widget-text-editor\" data-id=\"3d2383e7\" data-element_type=\"widget\" data-e-type=\"widget\" data-widget_type=\"text-editor.default\">\n\t\t\t\t<div class=\"elementor-widget-container\">\n\t\t\t\t\t\t\t\t\t<p class=\"p2\"><span style=\"font-family: 'Arial',sans-serif;\">Jos\u00e9 Mar\u00eda Llad\u00f3 Rotger ha aportat a Go -Gabinet una visi\u00f3 pr\u00e0ctica i resolutiva a l&#8217;\u00e0rea laboral de l&#8217;assessoria, refor\u00e7ant la seva capacitat per a oferir respostes r\u00e0pides, ajustades i sostenibles als desafiaments d&#8217;empreses i professionals. El seu enfocament es basa en la combinaci\u00f3 de coneixement t\u00e8cnic, proximitat amb el client i adaptaci\u00f3 a la realitat de cada sector, convertint-se en un pilar fonamental dins de l&#8217;equip del despatx. <\/span><\/p>\t\t\t\t\t\t\t\t<\/div>\n\t\t\t\t<\/div>\n\t\t\t\t<\/div>\n\t\t\t\t\t<\/div>\n\t\t\t\t<\/div>\n\t\t\t\t<\/div>\n\t\t<div class=\"elementor-element elementor-element-263767f7 e-con-full e-flex e-con e-child\" data-id=\"263767f7\" data-element_type=\"container\" data-e-type=\"container\">\n\t\t\t\t<div class=\"elementor-element elementor-element-27c3c9f5 elementor-widget elementor-widget-image\" data-id=\"27c3c9f5\" data-element_type=\"widget\" data-e-type=\"widget\" data-widget_type=\"image.default\">\n\t\t\t\t<div class=\"elementor-widget-container\">\n\t\t\t\t\t\t\t\t\t\t\t\t\t\t\t<img fetchpriority=\"high\" decoding=\"async\" width=\"865\" height=\"600\" src=\"https:\/\/pepmariallado.es\/wp-content\/uploads\/2025\/06\/pep-llado_go-gabinet.png\" class=\"attachment-full size-full wp-image-514\" alt=\"\" srcset=\"https:\/\/pepmariallado.es\/wp-content\/uploads\/2025\/06\/pep-llado_go-gabinet.png 865w, https:\/\/pepmariallado.es\/wp-content\/uploads\/2025\/06\/pep-llado_go-gabinet-300x208.png 300w, https:\/\/pepmariallado.es\/wp-content\/uploads\/2025\/06\/pep-llado_go-gabinet-768x533.png 768w\" sizes=\"(max-width: 865px) 100vw, 865px\" \/>\t\t\t\t\t\t\t\t\t\t\t\t\t\t\t<\/div>\n\t\t\t\t<\/div>\n\t\t\t\t<\/div>\n\t\t\t\t<\/div>\n\t\t<div class=\"elementor-element elementor-element-9464836 e-flex e-con-boxed e-con e-parent\" data-id=\"9464836\" data-element_type=\"container\" data-e-type=\"container\" data-settings=\"{&quot;background_background&quot;:&quot;classic&quot;}\">\n\t\t\t\t\t<div class=\"e-con-inner\">\n\t\t\t\t<div class=\"elementor-element elementor-element-e0bdfca elementor-widget elementor-widget-text-editor\" data-id=\"e0bdfca\" data-element_type=\"widget\" data-e-type=\"widget\" data-widget_type=\"text-editor.default\">\n\t\t\t\t<div class=\"elementor-widget-container\">\n\t\t\t\t\t\t\t\t\t<p class=\"p2\"><span style=\"font-family: 'Arial',sans-serif;\">Amb m\u00e9s de 20 anys d&#8217;experi\u00e8ncia, Jos\u00e9 Mar\u00eda s&#8217;ha especialitzat a donar suport continu a aut\u00f2noms, PIMES i particulars, oferint un acompanyament integral que abasta des de la gesti\u00f3 di\u00e0ria fins a la intervenci\u00f3 en situacions complexes. La seva traject\u00f2ria li permet actuar amb seguretat tant en el terreny consultiu com en la representaci\u00f3 legal. <\/span><\/p>\t\t\t\t\t\t\t\t<\/div>\n\t\t\t\t<\/div>\n\t\t<div class=\"elementor-element elementor-element-81b3ddf e-con-full e-flex e-con e-child\" data-id=\"81b3ddf\" data-element_type=\"container\" data-e-type=\"container\">\n\t\t<div class=\"elementor-element elementor-element-550a20b e-con-full e-flex e-con e-child\" data-id=\"550a20b\" data-element_type=\"container\" data-e-type=\"container\">\n\t\t\t\t<div class=\"elementor-element elementor-element-309528c elementor-widget elementor-widget-heading\" data-id=\"309528c\" data-element_type=\"widget\" data-e-type=\"widget\" data-widget_type=\"heading.default\">\n\t\t\t\t<div class=\"elementor-widget-container\">\n\t\t\t\t\t<h4 class=\"elementor-heading-title elementor-size-default\">\u00c0mbits d'Actuaci\u00f3<\/h4>\t\t\t\t<\/div>\n\t\t\t\t<\/div>\n\t\t\t\t<div class=\"elementor-element elementor-element-e25cfd0 elementor-widget elementor-widget-text-editor\" data-id=\"e25cfd0\" data-element_type=\"widget\" data-e-type=\"widget\" data-widget_type=\"text-editor.default\">\n\t\t\t\t<div class=\"elementor-widget-container\">\n\t\t\t\t\t\t\t\t\t<ul>\n \t<li><strong>Suport diari a empreses<\/strong>: Acompanyament operatiu en temes laborals i administratius per a garantir el compliment normatiu i l&#8217;efici\u00e8ncia.<\/li><br> \t<li><strong>Representaci\u00f3 professional:<\/strong> Defensa dels interessos del client davant organismes oficials, serveis de mediaci\u00f3 i jurisdicci\u00f3 social.<\/li><br> \t<li><strong>Gesti\u00f3 documental i t\u00e8cnica:<\/strong> Confecci\u00f3 de n\u00f2mines, assegurances socials, tr\u00e0mits de Seguretat Social i models fiscals vinculats a l&#8217;\u00e0mbit laboral.<\/li><br> \t<li><strong>Tramitaci\u00f3 d&#8217;expedients complexos:<\/strong> Especial atenci\u00f3 a processos d&#8217;estrangeria i procediments laborals conflictius.<\/li>\n<\/ul>\t\t\t\t\t\t\t\t<\/div>\n\t\t\t\t<\/div>\n\t\t\t\t<\/div>\n\t\t<div class=\"elementor-element elementor-element-f42f307 e-con-full e-flex e-con e-child\" data-id=\"f42f307\" data-element_type=\"container\" data-e-type=\"container\">\n\t\t\t\t<div class=\"elementor-element elementor-element-b668b1d elementor-widget elementor-widget-heading\" data-id=\"b668b1d\" data-element_type=\"widget\" data-e-type=\"widget\" data-widget_type=\"heading.default\">\n\t\t\t\t<div class=\"elementor-widget-container\">\n\t\t\t\t\t<h4 class=\"elementor-heading-title elementor-size-default\">Filosofia de Treball<\/h4>\t\t\t\t<\/div>\n\t\t\t\t<\/div>\n\t\t\t\t<div class=\"elementor-element elementor-element-034e928 elementor-widget elementor-widget-text-editor\" data-id=\"034e928\" data-element_type=\"widget\" data-e-type=\"widget\" data-widget_type=\"text-editor.default\">\n\t\t\t\t<div class=\"elementor-widget-container\">\n\t\t\t\t\t\t\t\t\t<p class=\"p3\"><span style=\"font-family: 'Arial',sans-serif;\">L&#8217;aportaci\u00f3 de Jos\u00e9 Mar\u00eda Llad\u00f3 Rotger a Go \u2013 Gabinet transcendeix el merament t\u00e8cnic. La seva implicaci\u00f3 activa en cada cas, el tracte directe amb els clients i la cerca constant de solucions adaptades han refor\u00e7at el car\u00e0cter pr\u00f2xim i resolutiu del despatx.<\/span><\/p><p>\u00a0<\/p><p class=\"p3\"><span style=\"font-family: 'Arial',sans-serif;\">Gr\u00e0cies a aquesta combinaci\u00f3 de professionalitat i vocaci\u00f3 de servei, Go \u2013 Gabinet ha consolidat relacions de confian\u00e7a duradores amb empreses i particulars que valoren tant la precisi\u00f3 en la gesti\u00f3 com la qualitat humana de l&#8217;acompanyament rebut.<\/span><\/p>\t\t\t\t\t\t\t\t<\/div>\n\t\t\t\t<\/div>\n\t\t\t\t<\/div>\n\t\t\t\t<\/div>\n\t\t\t\t\t<\/div>\n\t\t\t\t<\/div>\n\t\t<div class=\"elementor-element elementor-element-25bb279e e-flex e-con-boxed e-con e-parent\" data-id=\"25bb279e\" data-element_type=\"container\" data-e-type=\"container\" data-settings=\"{&quot;background_background&quot;:&quot;classic&quot;}\">\n\t\t\t\t\t<div class=\"e-con-inner\">\n\t\t<div class=\"elementor-element elementor-element-4fb6e56e e-con-full e-flex e-con e-child\" data-id=\"4fb6e56e\" data-element_type=\"container\" data-e-type=\"container\">\n\t\t\t\t<div class=\"elementor-element elementor-element-3026bea1 elementor-widget-mobile__width-inherit elementor-widget elementor-widget-heading\" data-id=\"3026bea1\" data-element_type=\"widget\" data-e-type=\"widget\" data-widget_type=\"heading.default\">\n\t\t\t\t<div class=\"elementor-widget-container\">\n\t\t\t\t\t<h2 class=\"elementor-heading-title elementor-size-default\">Testimoni Destacat<\/h2>\t\t\t\t<\/div>\n\t\t\t\t<\/div>\n\t\t\t\t<div class=\"elementor-element elementor-element-ae0e2a3 elementor-widget elementor-widget-text-editor\" data-id=\"ae0e2a3\" data-element_type=\"widget\" data-e-type=\"widget\" data-widget_type=\"text-editor.default\">\n\t\t\t\t<div class=\"elementor-widget-container\">\n\t\t\t\t\t\t\t\t\t<p>\u201cLa incorporaci\u00f3 de Jos\u00e9 Mar\u00eda al nostre equip ha suposat un veritable impuls. El seu coneixement i la seva capacitat per a resoldre conflictes laborals amb agilitat i rigor han estat determinants per a la nostra tranquil\u00b7litat com a empresa.\u201d<\/p><p>\u00a0<\/p><p><span style=\"font-style: inherit; font-weight: inherit;\">\u2014<\/span> <em style=\"font-weight: inherit;\">Equip de Go \u2013 Gabinet<\/em><\/p>\t\t\t\t\t\t\t\t<\/div>\n\t\t\t\t<\/div>\n\t\t\t\t<\/div>\n\t\t\t\t\t<\/div>\n\t\t\t\t<\/div>\n\t\t<div class=\"elementor-element elementor-element-2a365923 e-con-full e-flex e-con e-parent\" data-id=\"2a365923\" data-element_type=\"container\" data-e-type=\"container\" data-settings=\"{&quot;background_background&quot;:&quot;classic&quot;}\">\n\t\t<div class=\"elementor-element elementor-element-74eddebd e-con-full e-flex e-con e-child\" data-id=\"74eddebd\" data-element_type=\"container\" data-e-type=\"container\">\n\t\t\t\t<div class=\"elementor-element elementor-element-5bb06d7c elementor-widget elementor-widget-image\" data-id=\"5bb06d7c\" data-element_type=\"widget\" data-e-type=\"widget\" data-widget_type=\"image.default\">\n\t\t\t\t<div class=\"elementor-widget-container\">\n\t\t\t\t\t\t\t\t\t\t\t\t\t\t\t<img decoding=\"async\" width=\"520\" height=\"100\" src=\"https:\/\/pepmariallado.es\/wp-content\/uploads\/2025\/06\/finciacion-union-europea-logo-kit-digital-1.jpg\" class=\"attachment-large size-large wp-image-469\" alt=\"\" srcset=\"https:\/\/pepmariallado.es\/wp-content\/uploads\/2025\/06\/finciacion-union-europea-logo-kit-digital-1.jpg 520w, https:\/\/pepmariallado.es\/wp-content\/uploads\/2025\/06\/finciacion-union-europea-logo-kit-digital-1-300x58.jpg 300w\" sizes=\"(max-width: 520px) 100vw, 520px\" \/>\t\t\t\t\t\t\t\t\t\t\t\t\t\t\t<\/div>\n\t\t\t\t<\/div>\n\t\t\t\t<\/div>\n\t\t<div class=\"elementor-element elementor-element-3976977e e-con-full e-flex e-con e-child\" data-id=\"3976977e\" data-element_type=\"container\" data-e-type=\"container\">\n\t\t\t\t<div class=\"elementor-element elementor-element-666baba7 elementor-widget elementor-widget-image\" data-id=\"666baba7\" data-element_type=\"widget\" data-e-type=\"widget\" data-widget_type=\"image.default\">\n\t\t\t\t<div class=\"elementor-widget-container\">\n\t\t\t\t\t\t\t\t\t\t\t\t\t\t\t<img decoding=\"async\" width=\"520\" height=\"100\" src=\"https:\/\/pepmariallado.es\/wp-content\/uploads\/2025\/06\/ministerio-industria-comercio-logo-1.jpg\" class=\"attachment-large size-large wp-image-471\" alt=\"\" srcset=\"https:\/\/pepmariallado.es\/wp-content\/uploads\/2025\/06\/ministerio-industria-comercio-logo-1.jpg 520w, https:\/\/pepmariallado.es\/wp-content\/uploads\/2025\/06\/ministerio-industria-comercio-logo-1-300x58.jpg 300w\" sizes=\"(max-width: 520px) 100vw, 520px\" \/>\t\t\t\t\t\t\t\t\t\t\t\t\t\t\t<\/div>\n\t\t\t\t<\/div>\n\t\t\t\t<\/div>\n\t\t<div class=\"elementor-element elementor-element-787c8b85 e-con-full e-flex e-con e-child\" data-id=\"787c8b85\" data-element_type=\"container\" data-e-type=\"container\">\n\t\t\t\t<div class=\"elementor-element elementor-element-1826a085 elementor-widget elementor-widget-image\" data-id=\"1826a085\" data-element_type=\"widget\" data-e-type=\"widget\" data-widget_type=\"image.default\">\n\t\t\t\t<div class=\"elementor-widget-container\">\n\t\t\t\t\t\t\t\t\t\t\t\t\t\t\t<img loading=\"lazy\" decoding=\"async\" width=\"520\" height=\"100\" src=\"https:\/\/pepmariallado.es\/wp-content\/uploads\/2025\/06\/plan-recuperacion-logo-1.jpg\" class=\"attachment-large size-large wp-image-473\" alt=\"\" srcset=\"https:\/\/pepmariallado.es\/wp-content\/uploads\/2025\/06\/plan-recuperacion-logo-1.jpg 520w, https:\/\/pepmariallado.es\/wp-content\/uploads\/2025\/06\/plan-recuperacion-logo-1-300x58.jpg 300w\" sizes=\"(max-width: 520px) 100vw, 520px\" \/>\t\t\t\t\t\t\t\t\t\t\t\t\t\t\t<\/div>\n\t\t\t\t<\/div>\n\t\t\t\t<\/div>\n\t\t\t\t<\/div>\n\t\t\t\t<\/div>\n\t\t","protected":false},"excerpt":{"rendered":"<p>Go &#8211; Gabinet: Assessoria Integral amb Comprom\u00eds Personalitzat Solucions laborals amb rigor, proximitat i visi\u00f3 estrat\u00e8gica. Jos\u00e9 Mar\u00eda Llad\u00f3 Rotger [&hellip;]<\/p>\n","protected":false},"author":1,"featured_media":0,"parent":0,"menu_order":0,"comment_status":"closed","ping_status":"closed","template":"","meta":{"site-sidebar-layout":"no-sidebar","site-content-layout":"","ast-site-content-layout":"full-width-container","site-content-style":"default","site-sidebar-style":"default","ast-global-header-display":"","ast-banner-title-visibility":"","ast-main-header-display":"","ast-hfb-above-header-display":"","ast-hfb-below-header-display":"","ast-hfb-mobile-header-display":"","site-post-title":"disabled","ast-breadcrumbs-content":"","ast-featured-img":"disabled","footer-sml-layout":"","ast-disable-related-posts":"","theme-transparent-header-meta":"","adv-header-id-meta":"","stick-header-meta":"","header-above-stick-meta":"","header-main-stick-meta":"","header-below-stick-meta":"","astra-migrate-meta-layouts":"default","ast-page-background-enabled":"default","ast-page-background-meta":{"desktop":{"background-color":"var(--ast-global-color-5)","background-image":"","background-repeat":"repeat","background-position":"center center","background-size":"auto","background-attachment":"scroll","background-type":"","background-media":"","overlay-type":"","overlay-color":"","overlay-opacity":"","overlay-gradient":""},"tablet":{"background-color":"","background-image":"","background-repeat":"repeat","background-position":"center center","background-size":"auto","background-attachment":"scroll","background-type":"","background-media":"","overlay-type":"","overlay-color":"","overlay-opacity":"","overlay-gradient":""},"mobile":{"background-color":"","background-image":"","background-repeat":"repeat","background-position":"center center","background-size":"auto","background-attachment":"scroll","background-type":"","background-media":"","overlay-type":"","overlay-color":"","overlay-opacity":"","overlay-gradient":""}},"ast-content-background-meta":{"desktop":{"background-color":"var(--ast-global-color-4)","background-image":"","background-repeat":"repeat","background-position":"center center","background-size":"auto","background-attachment":"scroll","background-type":"","background-media":"","overlay-type":"","overlay-color":"","overlay-opacity":"","overlay-gradient":""},"tablet":{"background-color":"var(--ast-global-color-4)","background-image":"","background-repeat":"repeat","background-position":"center center","background-size":"auto","background-attachment":"scroll","background-type":"","background-media":"","overlay-type":"","overlay-color":"","overlay-opacity":"","overlay-gradient":""},"mobile":{"background-color":"var(--ast-global-color-4)","background-image":"","background-repeat":"repeat","background-position":"center center","background-size":"auto","background-attachment":"scroll","background-type":"","background-media":"","overlay-type":"","overlay-color":"","overlay-opacity":"","overlay-gradient":""}},"footnotes":""},"class_list":["post-243","page","type-page","status-publish","hentry"],"_links":{"self":[{"href":"https:\/\/pepmariallado.es\/ca\/wp-json\/wp\/v2\/pages\/243","targetHints":{"allow":["GET"]}}],"collection":[{"href":"https:\/\/pepmariallado.es\/ca\/wp-json\/wp\/v2\/pages"}],"about":[{"href":"https:\/\/pepmariallado.es\/ca\/wp-json\/wp\/v2\/types\/page"}],"author":[{"embeddable":true,"href":"https:\/\/pepmariallado.es\/ca\/wp-json\/wp\/v2\/users\/1"}],"replies":[{"embeddable":true,"href":"https:\/\/pepmariallado.es\/ca\/wp-json\/wp\/v2\/comments?post=243"}],"version-history":[{"count":20,"href":"https:\/\/pepmariallado.es\/ca\/wp-json\/wp\/v2\/pages\/243\/revisions"}],"predecessor-version":[{"id":651,"href":"https:\/\/pepmariallado.es\/ca\/wp-json\/wp\/v2\/pages\/243\/revisions\/651"}],"wp:attachment":[{"href":"https:\/\/pepmariallado.es\/ca\/wp-json\/wp\/v2\/media?parent=243"}],"curies":[{"name":"wp","href":"https:\/\/api.w.org\/{rel}","templated":true}]}}