{"id":241,"date":"2025-06-12T12:52:02","date_gmt":"2025-06-12T10:52:02","guid":{"rendered":"https:\/\/bieltauler.es\/index.php\/biel-tauler-riera\/"},"modified":"2025-06-30T12:28:24","modified_gmt":"2025-06-30T10:28:24","slug":"jose-maria-llado-rotger","status":"publish","type":"page","link":"https:\/\/pepmariallado.es\/ca\/jose-maria-llado-rotger\/","title":{"rendered":"Jos\u00e9 Mar\u00eda Llad\u00f3 Rotger"},"content":{"rendered":"\t\t<div data-elementor-type=\"wp-page\" data-elementor-id=\"241\" class=\"elementor elementor-241 elementor-97\">\n\t\t\t\t<div class=\"elementor-element elementor-element-9165816 e-con-full e-flex e-con e-parent\" data-id=\"9165816\" data-element_type=\"container\" data-e-type=\"container\" data-settings=\"{&quot;background_background&quot;:&quot;classic&quot;}\">\n\t\t<div class=\"elementor-element elementor-element-4d32d327 e-con-full e-flex e-con e-child\" data-id=\"4d32d327\" data-element_type=\"container\" data-e-type=\"container\">\n\t\t<div class=\"elementor-element elementor-element-78a7e6ef e-flex e-con-boxed e-con e-child\" data-id=\"78a7e6ef\" data-element_type=\"container\" data-e-type=\"container\">\n\t\t\t\t\t<div class=\"e-con-inner\">\n\t\t<div class=\"elementor-element elementor-element-8814a63 e-con-full e-flex e-con e-child\" data-id=\"8814a63\" data-element_type=\"container\" data-e-type=\"container\">\n\t\t\t\t<div class=\"elementor-element elementor-element-6a0ba15 elementor-widget elementor-widget-heading\" data-id=\"6a0ba15\" data-element_type=\"widget\" data-e-type=\"widget\" data-widget_type=\"heading.default\">\n\t\t\t\t<div class=\"elementor-widget-container\">\n\t\t\t\t\t<h1 class=\"elementor-heading-title elementor-size-default\">Sobre Jos\u00e9 Mar\u00eda Llad\u00f3 Rotger<\/h1>\t\t\t\t<\/div>\n\t\t\t\t<\/div>\n\t\t\t\t<div class=\"elementor-element elementor-element-2cf2aa35 elementor-widget elementor-widget-heading\" data-id=\"2cf2aa35\" data-element_type=\"widget\" data-e-type=\"widget\" data-widget_type=\"heading.default\">\n\t\t\t\t<div class=\"elementor-widget-container\">\n\t\t\t\t\t<h2 class=\"elementor-heading-title elementor-size-default\">Graduat Social especialitzat en dret laboral i assessorament d'empreses.<\/h2>\t\t\t\t<\/div>\n\t\t\t\t<\/div>\n\t\t\t\t<div class=\"elementor-element elementor-element-5e481a64 elementor-widget elementor-widget-text-editor\" data-id=\"5e481a64\" data-element_type=\"widget\" data-e-type=\"widget\" data-widget_type=\"text-editor.default\">\n\t\t\t\t<div class=\"elementor-widget-container\">\n\t\t\t\t\t\t\t\t\t<p>Jos\u00e9 Mar\u00eda Llad\u00f3 Rotger \u00e9s un graduat social amb una traject\u00f2ria consolidada en l&#8217;assessorament jur\u00eddic-laboral. Al llarg de m\u00e9s de 15 anys d&#8217;experi\u00e8ncia, ha treballat de manera pr\u00f2xima amb empreses, professionals i aut\u00f2noms, brindant solucions clares, eficaces i adaptades a cada realitat empresarial. La seva participaci\u00f3 activa en l&#8217;ecosistema econ\u00f2mic local i el seu comprom\u00eds amb la millora cont\u00ednua fan d&#8217;ell un referent en el seu \u00e0mbit.  <\/p>\t\t\t\t\t\t\t\t<\/div>\n\t\t\t\t<\/div>\n\t\t\t\t<\/div>\n\t\t\t\t\t<\/div>\n\t\t\t\t<\/div>\n\t\t\t\t<\/div>\n\t\t<div class=\"elementor-element elementor-element-4c46ebc9 e-con-full e-flex e-con e-child\" data-id=\"4c46ebc9\" data-element_type=\"container\" data-e-type=\"container\">\n\t\t\t\t<div class=\"elementor-element elementor-element-59c3bd3b elementor-widget elementor-widget-image\" data-id=\"59c3bd3b\" data-element_type=\"widget\" data-e-type=\"widget\" data-widget_type=\"image.default\">\n\t\t\t\t<div class=\"elementor-widget-container\">\n\t\t\t\t\t\t\t\t\t\t\t\t\t\t\t<img fetchpriority=\"high\" decoding=\"async\" width=\"865\" height=\"600\" src=\"https:\/\/pepmariallado.es\/wp-content\/uploads\/2025\/06\/pep-llado_about.png\" class=\"attachment-full size-full wp-image-509\" alt=\"\" srcset=\"https:\/\/pepmariallado.es\/wp-content\/uploads\/2025\/06\/pep-llado_about.png 865w, https:\/\/pepmariallado.es\/wp-content\/uploads\/2025\/06\/pep-llado_about-300x208.png 300w, https:\/\/pepmariallado.es\/wp-content\/uploads\/2025\/06\/pep-llado_about-768x533.png 768w\" sizes=\"(max-width: 865px) 100vw, 865px\" \/>\t\t\t\t\t\t\t\t\t\t\t\t\t\t\t<\/div>\n\t\t\t\t<\/div>\n\t\t\t\t<\/div>\n\t\t\t\t<\/div>\n\t\t<div class=\"elementor-element elementor-element-38370703 e-flex e-con-boxed e-con e-parent\" data-id=\"38370703\" data-element_type=\"container\" data-e-type=\"container\" data-settings=\"{&quot;background_background&quot;:&quot;classic&quot;}\">\n\t\t\t\t\t<div class=\"e-con-inner\">\n\t\t<div class=\"elementor-element elementor-element-3fd301d e-con-full e-flex e-con e-child\" data-id=\"3fd301d\" data-element_type=\"container\" data-e-type=\"container\">\n\t\t<div class=\"elementor-element elementor-element-ff1de21 e-con-full e-flex e-con e-child\" data-id=\"ff1de21\" data-element_type=\"container\" data-e-type=\"container\">\n\t\t\t\t<div class=\"elementor-element elementor-element-6c2aa35 elementor-widget elementor-widget-heading\" data-id=\"6c2aa35\" data-element_type=\"widget\" data-e-type=\"widget\" data-widget_type=\"heading.default\">\n\t\t\t\t<div class=\"elementor-widget-container\">\n\t\t\t\t\t<h4 class=\"elementor-heading-title elementor-size-default\">\u00c0rees d'Especialitzaci\u00f3<\/h4>\t\t\t\t<\/div>\n\t\t\t\t<\/div>\n\t\t\t\t<div class=\"elementor-element elementor-element-e06012e elementor-widget elementor-widget-text-editor\" data-id=\"e06012e\" data-element_type=\"widget\" data-e-type=\"widget\" data-widget_type=\"text-editor.default\">\n\t\t\t\t<div class=\"elementor-widget-container\">\n\t\t\t\t\t\t\t\t\t<ul style=\"margin-top: 0.2rem;\">\n \t<li><strong>Assessorament Laboral:<\/strong> Tramitaci\u00f3 d&#8217;altes, baixes i variacions de treballadors. Representaci\u00f3 en conflictes davant el TAMIB i jutjats socials. <\/li><br> \t<li><strong>Gesti\u00f3 de N\u00f2mines i Assegurances Socials:<\/strong> Elaboraci\u00f3 de n\u00f2mines, cotitzacions i seguiment d&#8217;obligacions laborals.<\/li><br> \t<li><strong>Fiscalitat Laboral:<\/strong> Confecci\u00f3 de models tributaris relacionats amb l&#8217;activitat empresarial i laboral.<\/li><br> \t<li><strong>Atenci\u00f3 a Aut\u00f2noms i PYMES:<\/strong> Acompanyament integral en les seves obligacions administratives, fiscals i laborals.<\/li><br> \t<li><strong>Estrangeria:<\/strong> Gesti\u00f3 d&#8217;expedients i tr\u00e0mits relacionats amb treballadors estrangers.<\/li>\n<\/ul>\t\t\t\t\t\t\t\t<\/div>\n\t\t\t\t<\/div>\n\t\t\t\t<\/div>\n\t\t<div class=\"elementor-element elementor-element-47fa679 e-con-full e-flex e-con e-child\" data-id=\"47fa679\" data-element_type=\"container\" data-e-type=\"container\">\n\t\t\t\t<div class=\"elementor-element elementor-element-26dd4b0 elementor-widget elementor-widget-heading\" data-id=\"26dd4b0\" data-element_type=\"widget\" data-e-type=\"widget\" data-widget_type=\"heading.default\">\n\t\t\t\t<div class=\"elementor-widget-container\">\n\t\t\t\t\t<h4 class=\"elementor-heading-title elementor-size-default\">Comprom\u00eds amb l'Excel\u00b7l\u00e8ncia<\/h4>\t\t\t\t<\/div>\n\t\t\t\t<\/div>\n\t\t\t\t<div class=\"elementor-element elementor-element-e1550b0 elementor-widget elementor-widget-text-editor\" data-id=\"e1550b0\" data-element_type=\"widget\" data-e-type=\"widget\" data-widget_type=\"text-editor.default\">\n\t\t\t\t<div class=\"elementor-widget-container\">\n\t\t\t\t\t\t\t\t\t<p>La col\u00b7laboraci\u00f3 de Jos\u00e9 Mar\u00eda Llad\u00f3 amb <strong>Go \u2013 Gabinet<\/strong> es basa en un comprom\u00eds ferm amb la qualitat, la millora cont\u00ednua i el servei personalitzat. La seva experi\u00e8ncia i dedicaci\u00f3 di\u00e0ria han estat claus per a consolidar un model d&#8217;atenci\u00f3 pr\u00f2xim i eficient, centrat en resoldre amb claredat i agilitat les necessitats espec\u00edfiques de cada client.<\/p><p>\u00a0<\/p><p>Aquest enfocament es tradueix en relacions de confian\u00e7a duradores, una comunicaci\u00f3 fluida i solucions pr\u00e0ctiques, que aporten valor real a empreses, professionals i particulars.<\/p>\t\t\t\t\t\t\t\t<\/div>\n\t\t\t\t<\/div>\n\t\t\t\t<\/div>\n\t\t\t\t<\/div>\n\t\t\t\t\t<\/div>\n\t\t\t\t<\/div>\n\t\t<div class=\"elementor-element elementor-element-17c6cb4f e-flex e-con-boxed e-con e-parent\" data-id=\"17c6cb4f\" data-element_type=\"container\" data-e-type=\"container\" data-settings=\"{&quot;background_background&quot;:&quot;classic&quot;}\">\n\t\t\t\t\t<div class=\"e-con-inner\">\n\t\t<div class=\"elementor-element elementor-element-4d528c41 e-con-full e-flex e-con e-child\" data-id=\"4d528c41\" data-element_type=\"container\" data-e-type=\"container\">\n\t\t\t\t<div class=\"elementor-element elementor-element-518b440f elementor-widget-mobile__width-inherit elementor-widget elementor-widget-heading\" data-id=\"518b440f\" data-element_type=\"widget\" data-e-type=\"widget\" data-widget_type=\"heading.default\">\n\t\t\t\t<div class=\"elementor-widget-container\">\n\t\t\t\t\t<h2 class=\"elementor-heading-title elementor-size-default\">Testimonis<\/h2>\t\t\t\t<\/div>\n\t\t\t\t<\/div>\n\t\t\t\t<div class=\"elementor-element elementor-element-4124c7e3 elementor-widget elementor-widget-text-editor\" data-id=\"4124c7e3\" data-element_type=\"widget\" data-e-type=\"widget\" data-widget_type=\"text-editor.default\">\n\t\t\t\t<div class=\"elementor-widget-container\">\n\t\t\t\t\t\t\t\t\t<p>\u201cTreballar amb Jos\u00e9 Mar\u00eda ha suposat una transformaci\u00f3 en la nostra gesti\u00f3 laboral. La seva implicaci\u00f3, coneixement t\u00e8cnic i capacitat resolutiva han millorat notablement els nostres processos i relacions amb els empleats.\u201d<\/p><p>\u00a0<\/p><p>\u2014 <em>Miquel Serra, Director de Recursos Humans<\/em><\/p>\t\t\t\t\t\t\t\t<\/div>\n\t\t\t\t<\/div>\n\t\t\t\t<\/div>\n\t\t\t\t\t<\/div>\n\t\t\t\t<\/div>\n\t\t<div class=\"elementor-element elementor-element-717aaf27 e-con-full e-flex e-con e-parent\" data-id=\"717aaf27\" data-element_type=\"container\" data-e-type=\"container\" data-settings=\"{&quot;background_background&quot;:&quot;classic&quot;}\">\n\t\t<div class=\"elementor-element elementor-element-96ea8d7 e-con-full e-flex e-con e-child\" data-id=\"96ea8d7\" data-element_type=\"container\" data-e-type=\"container\">\n\t\t\t\t<div class=\"elementor-element elementor-element-72b8b93e elementor-widget elementor-widget-image\" data-id=\"72b8b93e\" data-element_type=\"widget\" data-e-type=\"widget\" data-widget_type=\"image.default\">\n\t\t\t\t<div class=\"elementor-widget-container\">\n\t\t\t\t\t\t\t\t\t\t\t\t\t\t\t<img decoding=\"async\" width=\"520\" height=\"100\" src=\"https:\/\/pepmariallado.es\/wp-content\/uploads\/2025\/06\/finciacion-union-europea-logo-kit-digital-1.jpg\" class=\"attachment-large size-large wp-image-469\" alt=\"\" srcset=\"https:\/\/pepmariallado.es\/wp-content\/uploads\/2025\/06\/finciacion-union-europea-logo-kit-digital-1.jpg 520w, https:\/\/pepmariallado.es\/wp-content\/uploads\/2025\/06\/finciacion-union-europea-logo-kit-digital-1-300x58.jpg 300w\" sizes=\"(max-width: 520px) 100vw, 520px\" \/>\t\t\t\t\t\t\t\t\t\t\t\t\t\t\t<\/div>\n\t\t\t\t<\/div>\n\t\t\t\t<\/div>\n\t\t<div class=\"elementor-element elementor-element-6b90d5c1 e-con-full e-flex e-con e-child\" data-id=\"6b90d5c1\" data-element_type=\"container\" data-e-type=\"container\">\n\t\t\t\t<div class=\"elementor-element elementor-element-5fc9f76b elementor-widget elementor-widget-image\" data-id=\"5fc9f76b\" data-element_type=\"widget\" data-e-type=\"widget\" data-widget_type=\"image.default\">\n\t\t\t\t<div class=\"elementor-widget-container\">\n\t\t\t\t\t\t\t\t\t\t\t\t\t\t\t<img decoding=\"async\" width=\"520\" height=\"100\" src=\"https:\/\/pepmariallado.es\/wp-content\/uploads\/2025\/06\/ministerio-industria-comercio-logo-1.jpg\" class=\"attachment-large size-large wp-image-471\" alt=\"\" srcset=\"https:\/\/pepmariallado.es\/wp-content\/uploads\/2025\/06\/ministerio-industria-comercio-logo-1.jpg 520w, https:\/\/pepmariallado.es\/wp-content\/uploads\/2025\/06\/ministerio-industria-comercio-logo-1-300x58.jpg 300w\" sizes=\"(max-width: 520px) 100vw, 520px\" \/>\t\t\t\t\t\t\t\t\t\t\t\t\t\t\t<\/div>\n\t\t\t\t<\/div>\n\t\t\t\t<\/div>\n\t\t<div class=\"elementor-element elementor-element-7f100435 e-con-full e-flex e-con e-child\" data-id=\"7f100435\" data-element_type=\"container\" data-e-type=\"container\">\n\t\t\t\t<div class=\"elementor-element elementor-element-486f40c4 elementor-widget elementor-widget-image\" data-id=\"486f40c4\" data-element_type=\"widget\" data-e-type=\"widget\" data-widget_type=\"image.default\">\n\t\t\t\t<div class=\"elementor-widget-container\">\n\t\t\t\t\t\t\t\t\t\t\t\t\t\t\t<img loading=\"lazy\" decoding=\"async\" width=\"520\" height=\"100\" src=\"https:\/\/pepmariallado.es\/wp-content\/uploads\/2025\/06\/plan-recuperacion-logo-1.jpg\" class=\"attachment-large size-large wp-image-473\" alt=\"\" srcset=\"https:\/\/pepmariallado.es\/wp-content\/uploads\/2025\/06\/plan-recuperacion-logo-1.jpg 520w, https:\/\/pepmariallado.es\/wp-content\/uploads\/2025\/06\/plan-recuperacion-logo-1-300x58.jpg 300w\" sizes=\"(max-width: 520px) 100vw, 520px\" \/>\t\t\t\t\t\t\t\t\t\t\t\t\t\t\t<\/div>\n\t\t\t\t<\/div>\n\t\t\t\t<\/div>\n\t\t\t\t<\/div>\n\t\t\t\t<\/div>\n\t\t","protected":false},"excerpt":{"rendered":"<p>Sobre Jos\u00e9 Mar\u00eda Llad\u00f3 Rotger Graduat Social especialitzat en dret laboral i assessorament d&#8217;empreses. Jos\u00e9 Mar\u00eda Llad\u00f3 Rotger \u00e9s un [&hellip;]<\/p>\n","protected":false},"author":1,"featured_media":0,"parent":0,"menu_order":0,"comment_status":"closed","ping_status":"closed","template":"","meta":{"site-sidebar-layout":"no-sidebar","site-content-layout":"","ast-site-content-layout":"full-width-container","site-content-style":"default","site-sidebar-style":"default","ast-global-header-display":"","ast-banner-title-visibility":"","ast-main-header-display":"","ast-hfb-above-header-display":"","ast-hfb-below-header-display":"","ast-hfb-mobile-header-display":"","site-post-title":"disabled","ast-breadcrumbs-content":"","ast-featured-img":"disabled","footer-sml-layout":"","ast-disable-related-posts":"","theme-transparent-header-meta":"","adv-header-id-meta":"","stick-header-meta":"","header-above-stick-meta":"","header-main-stick-meta":"","header-below-stick-meta":"","astra-migrate-meta-layouts":"default","ast-page-background-enabled":"default","ast-page-background-meta":{"desktop":{"background-color":"var(--ast-global-color-5)","background-image":"","background-repeat":"repeat","background-position":"center center","background-size":"auto","background-attachment":"scroll","background-type":"","background-media":"","overlay-type":"","overlay-color":"","overlay-opacity":"","overlay-gradient":""},"tablet":{"background-color":"","background-image":"","background-repeat":"repeat","background-position":"center center","background-size":"auto","background-attachment":"scroll","background-type":"","background-media":"","overlay-type":"","overlay-color":"","overlay-opacity":"","overlay-gradient":""},"mobile":{"background-color":"","background-image":"","background-repeat":"repeat","background-position":"center center","background-size":"auto","background-attachment":"scroll","background-type":"","background-media":"","overlay-type":"","overlay-color":"","overlay-opacity":"","overlay-gradient":""}},"ast-content-background-meta":{"desktop":{"background-color":"var(--ast-global-color-4)","background-image":"","background-repeat":"repeat","background-position":"center center","background-size":"auto","background-attachment":"scroll","background-type":"","background-media":"","overlay-type":"","overlay-color":"","overlay-opacity":"","overlay-gradient":""},"tablet":{"background-color":"var(--ast-global-color-4)","background-image":"","background-repeat":"repeat","background-position":"center center","background-size":"auto","background-attachment":"scroll","background-type":"","background-media":"","overlay-type":"","overlay-color":"","overlay-opacity":"","overlay-gradient":""},"mobile":{"background-color":"var(--ast-global-color-4)","background-image":"","background-repeat":"repeat","background-position":"center center","background-size":"auto","background-attachment":"scroll","background-type":"","background-media":"","overlay-type":"","overlay-color":"","overlay-opacity":"","overlay-gradient":""}},"footnotes":""},"class_list":["post-241","page","type-page","status-publish","hentry"],"_links":{"self":[{"href":"https:\/\/pepmariallado.es\/ca\/wp-json\/wp\/v2\/pages\/241","targetHints":{"allow":["GET"]}}],"collection":[{"href":"https:\/\/pepmariallado.es\/ca\/wp-json\/wp\/v2\/pages"}],"about":[{"href":"https:\/\/pepmariallado.es\/ca\/wp-json\/wp\/v2\/types\/page"}],"author":[{"embeddable":true,"href":"https:\/\/pepmariallado.es\/ca\/wp-json\/wp\/v2\/users\/1"}],"replies":[{"embeddable":true,"href":"https:\/\/pepmariallado.es\/ca\/wp-json\/wp\/v2\/comments?post=241"}],"version-history":[{"count":20,"href":"https:\/\/pepmariallado.es\/ca\/wp-json\/wp\/v2\/pages\/241\/revisions"}],"predecessor-version":[{"id":644,"href":"https:\/\/pepmariallado.es\/ca\/wp-json\/wp\/v2\/pages\/241\/revisions\/644"}],"wp:attachment":[{"href":"https:\/\/pepmariallado.es\/ca\/wp-json\/wp\/v2\/media?parent=241"}],"curies":[{"name":"wp","href":"https:\/\/api.w.org\/{rel}","templated":true}]}}